{"id":9801,"date":"2019-01-28T18:40:39","date_gmt":"2019-01-28T17:40:39","guid":{"rendered":"https:\/\/www.toutsurmesfinances.com\/impots\/?page_id=9801"},"modified":"2026-03-20T11:33:59","modified_gmt":"2026-03-20T10:33:59","slug":"accueil","status":"publish","type":"page","link":"https:\/\/www.toutsurmesfinances.com\/impots\/","title":{"rendered":"Accueil"},"content":{"rendered":"","protected":false},"excerpt":{"rendered":"","protected":false},"author":1,"featured_media":0,"parent":0,"menu_order":0,"comment_status":"closed","ping_status":"closed","template":"","meta":{"footnotes":""},"class_list":["post-9801","page","type-page","status-publish","hentry"],"acf":[],"yoast_head":"<!-- This site is optimized with the Yoast SEO plugin v24.9 - https:\/\/yoast.com\/wordpress\/plugins\/seo\/ -->\n<title>L\u2019info et l\u2019actualit\u00e9 des imp\u00f4ts, toute la fiscalit\u00e9 des particuliers accessible \u00e0 tous<\/title>\n<meta name=\"description\" content=\"Explications, infos pratiques et actualit\u00e9s sur la fiscalit\u00e9 2016, l&#039;imp\u00f4t sur le revenu, la taxe d&#039;habitation et la taxe fonci\u00e8re, la redevance t\u00e9l\u00e9\" \/>\n<meta name=\"robots\" content=\"index, follow, max-snippet:-1, max-image-preview:large, max-video-preview:-1\" \/>\n<link rel=\"canonical\" href=\"https:\/\/www.toutsurmesfinances.com\/impots\/\" \/>\n<meta property=\"og:locale\" content=\"fr_FR\" \/>\n<meta property=\"og:type\" content=\"article\" \/>\n<meta property=\"og:title\" content=\"L\u2019info et l\u2019actualit\u00e9 des imp\u00f4ts, toute la fiscalit\u00e9 des particuliers accessible \u00e0 tous\" \/>\n<meta property=\"og:description\" content=\"Explications, infos pratiques et actualit\u00e9s sur la fiscalit\u00e9 2016, l&#039;imp\u00f4t sur le revenu, la taxe d&#039;habitation et la taxe fonci\u00e8re, la redevance t\u00e9l\u00e9\" \/>\n<meta property=\"og:url\" content=\"https:\/\/www.toutsurmesfinances.com\/impots\/\" \/>\n<meta property=\"og:site_name\" content=\"Imp\u00f4ts\" \/>\n<meta property=\"article:modified_time\" content=\"2026-03-20T10:33:59+00:00\" \/>\n<meta name=\"twitter:card\" content=\"summary_large_image\" \/>\n<meta name=\"twitter:site\" content=\"@Toutsur\" \/>\n<script type=\"application\/ld+json\" class=\"yoast-schema-graph\">{\"@context\":\"https:\/\/schema.org\",\"@graph\":[{\"@type\":\"WebPage\",\"@id\":\"https:\/\/www.toutsurmesfinances.com\/impots\/\",\"url\":\"https:\/\/www.toutsurmesfinances.com\/impots\/\",\"name\":\"L\u2019info et l\u2019actualit\u00e9 des imp\u00f4ts, toute la fiscalit\u00e9 des particuliers accessible \u00e0 tous\",\"isPartOf\":{\"@id\":\"https:\/\/www.toutsurmesfinances.com\/impots\/#website\"},\"dateModified\":\"2026-03-20T10:33:59+00:00\",\"description\":\"Explications, infos pratiques et actualit\u00e9s sur la fiscalit\u00e9 2016, l'imp\u00f4t sur le revenu, la taxe d'habitation et la taxe fonci\u00e8re, la redevance t\u00e9l\u00e9\",\"breadcrumb\":{\"@id\":\"https:\/\/www.toutsurmesfinances.com\/impots\/#breadcrumb\"},\"inLanguage\":\"fr-FR\",\"potentialAction\":[{\"@type\":\"ReadAction\",\"target\":[\"https:\/\/www.toutsurmesfinances.com\/impots\/\"]}]},{\"@type\":\"BreadcrumbList\",\"@id\":\"https:\/\/www.toutsurmesfinances.com\/impots\/#breadcrumb\",\"itemListElement\":[{\"@type\":\"ListItem\",\"position\":1,\"name\":\"Accueil\",\"item\":\"https:\/\/www.toutsurmesfinances.com\/impots\/\"},{\"@type\":\"ListItem\",\"position\":2,\"name\":\"Accueil\"}]},{\"@type\":\"WebSite\",\"@id\":\"https:\/\/www.toutsurmesfinances.com\/impots\/#website\",\"url\":\"https:\/\/www.toutsurmesfinances.com\/impots\/\",\"name\":\"Imp\u00f4ts\",\"description\":\"\",\"publisher\":{\"@id\":\"https:\/\/www.toutsurmesfinances.com\/impots\/#organization\"},\"potentialAction\":[{\"@type\":\"SearchAction\",\"target\":{\"@type\":\"EntryPoint\",\"urlTemplate\":\"https:\/\/www.toutsurmesfinances.com\/impots\/?s={search_term_string}\"},\"query-input\":{\"@type\":\"PropertyValueSpecification\",\"valueRequired\":true,\"valueName\":\"search_term_string\"}}],\"inLanguage\":\"fr-FR\"},{\"@type\":\"Organization\",\"@id\":\"https:\/\/www.toutsurmesfinances.com\/impots\/#organization\",\"name\":\"Tout Sur Mes Finances\",\"url\":\"https:\/\/www.toutsurmesfinances.com\/impots\/\",\"logo\":{\"@type\":\"ImageObject\",\"inLanguage\":\"fr-FR\",\"@id\":\"https:\/\/www.toutsurmesfinances.com\/impots\/#\/schema\/logo\/image\/\",\"url\":\"https:\/\/www.toutsurmesfinances.com\/impots\/wp-content\/uploads\/sites\/6\/2021\/01\/favicon.png\",\"contentUrl\":\"https:\/\/www.toutsurmesfinances.com\/impots\/wp-content\/uploads\/sites\/6\/2021\/01\/favicon.png\",\"width\":512,\"height\":512,\"caption\":\"Tout Sur Mes Finances\"},\"image\":{\"@id\":\"https:\/\/www.toutsurmesfinances.com\/impots\/#\/schema\/logo\/image\/\"},\"sameAs\":[\"https:\/\/x.com\/Toutsur\"]}]}<\/script>\n<!-- \/ Yoast SEO plugin. -->","yoast_head_json":{"title":"L\u2019info et l\u2019actualit\u00e9 des imp\u00f4ts, toute la fiscalit\u00e9 des particuliers accessible \u00e0 tous","description":"Explications, infos pratiques et actualit\u00e9s sur la fiscalit\u00e9 2016, l'imp\u00f4t sur le revenu, la taxe d'habitation et la taxe fonci\u00e8re, la redevance t\u00e9l\u00e9","robots":{"index":"index","follow":"follow","max-snippet":"max-snippet:-1","max-image-preview":"max-image-preview:large","max-video-preview":"max-video-preview:-1"},"canonical":"https:\/\/www.toutsurmesfinances.com\/impots\/","og_locale":"fr_FR","og_type":"article","og_title":"L\u2019info et l\u2019actualit\u00e9 des imp\u00f4ts, toute la fiscalit\u00e9 des particuliers accessible \u00e0 tous","og_description":"Explications, infos pratiques et actualit\u00e9s sur la fiscalit\u00e9 2016, l'imp\u00f4t sur le revenu, la taxe d'habitation et la taxe fonci\u00e8re, la redevance t\u00e9l\u00e9","og_url":"https:\/\/www.toutsurmesfinances.com\/impots\/","og_site_name":"Imp\u00f4ts","article_modified_time":"2026-03-20T10:33:59+00:00","twitter_card":"summary_large_image","twitter_site":"@Toutsur","schema":{"@context":"https:\/\/schema.org","@graph":[{"@type":"WebPage","@id":"https:\/\/www.toutsurmesfinances.com\/impots\/","url":"https:\/\/www.toutsurmesfinances.com\/impots\/","name":"L\u2019info et l\u2019actualit\u00e9 des imp\u00f4ts, toute la fiscalit\u00e9 des particuliers accessible \u00e0 tous","isPartOf":{"@id":"https:\/\/www.toutsurmesfinances.com\/impots\/#website"},"dateModified":"2026-03-20T10:33:59+00:00","description":"Explications, infos pratiques et actualit\u00e9s sur la fiscalit\u00e9 2016, l'imp\u00f4t sur le revenu, la taxe d'habitation et la taxe fonci\u00e8re, la redevance t\u00e9l\u00e9","breadcrumb":{"@id":"https:\/\/www.toutsurmesfinances.com\/impots\/#breadcrumb"},"inLanguage":"fr-FR","potentialAction":[{"@type":"ReadAction","target":["https:\/\/www.toutsurmesfinances.com\/impots\/"]}]},{"@type":"BreadcrumbList","@id":"https:\/\/www.toutsurmesfinances.com\/impots\/#breadcrumb","itemListElement":[{"@type":"ListItem","position":1,"name":"Accueil","item":"https:\/\/www.toutsurmesfinances.com\/impots\/"},{"@type":"ListItem","position":2,"name":"Accueil"}]},{"@type":"WebSite","@id":"https:\/\/www.toutsurmesfinances.com\/impots\/#website","url":"https:\/\/www.toutsurmesfinances.com\/impots\/","name":"Imp\u00f4ts","description":"","publisher":{"@id":"https:\/\/www.toutsurmesfinances.com\/impots\/#organization"},"potentialAction":[{"@type":"SearchAction","target":{"@type":"EntryPoint","urlTemplate":"https:\/\/www.toutsurmesfinances.com\/impots\/?s={search_term_string}"},"query-input":{"@type":"PropertyValueSpecification","valueRequired":true,"valueName":"search_term_string"}}],"inLanguage":"fr-FR"},{"@type":"Organization","@id":"https:\/\/www.toutsurmesfinances.com\/impots\/#organization","name":"Tout Sur Mes Finances","url":"https:\/\/www.toutsurmesfinances.com\/impots\/","logo":{"@type":"ImageObject","inLanguage":"fr-FR","@id":"https:\/\/www.toutsurmesfinances.com\/impots\/#\/schema\/logo\/image\/","url":"https:\/\/www.toutsurmesfinances.com\/impots\/wp-content\/uploads\/sites\/6\/2021\/01\/favicon.png","contentUrl":"https:\/\/www.toutsurmesfinances.com\/impots\/wp-content\/uploads\/sites\/6\/2021\/01\/favicon.png","width":512,"height":512,"caption":"Tout Sur Mes Finances"},"image":{"@id":"https:\/\/www.toutsurmesfinances.com\/impots\/#\/schema\/logo\/image\/"},"sameAs":["https:\/\/x.com\/Toutsur"]}]}},"_links":{"self":[{"href":"https:\/\/www.toutsurmesfinances.com\/impots\/wp-json\/wp\/v2\/pages\/9801","targetHints":{"allow":["GET"]}}],"collection":[{"href":"https:\/\/www.toutsurmesfinances.com\/impots\/wp-json\/wp\/v2\/pages"}],"about":[{"href":"https:\/\/www.toutsurmesfinances.com\/impots\/wp-json\/wp\/v2\/types\/page"}],"author":[{"embeddable":true,"href":"https:\/\/www.toutsurmesfinances.com\/impots\/wp-json\/wp\/v2\/users\/1"}],"replies":[{"embeddable":true,"href":"https:\/\/www.toutsurmesfinances.com\/impots\/wp-json\/wp\/v2\/comments?post=9801"}],"version-history":[{"count":4,"href":"https:\/\/www.toutsurmesfinances.com\/impots\/wp-json\/wp\/v2\/pages\/9801\/revisions"}],"predecessor-version":[{"id":72582,"href":"https:\/\/www.toutsurmesfinances.com\/impots\/wp-json\/wp\/v2\/pages\/9801\/revisions\/72582"}],"wp:attachment":[{"href":"https:\/\/www.toutsurmesfinances.com\/impots\/wp-json\/wp\/v2\/media?parent=9801"}],"curies":[{"name":"wp","href":"https:\/\/api.w.org\/{rel}","templated":true}]}}